{"id":415,"date":"2017-08-31T08:08:29","date_gmt":"2017-08-31T08:08:29","guid":{"rendered":"http:\/\/livjohns.dk\/?page_id=415"},"modified":"2019-10-28T15:07:57","modified_gmt":"2019-10-28T13:07:57","slug":"online-terapi","status":"publish","type":"page","link":"https:\/\/livsloveacademy.com\/en\/online-terapi\/","title":{"rendered":"Online therapy"},"content":{"rendered":"<p>PICTURE<\/p>\n<p>Online therapy<\/p>\n<p><strong>What is online therapy?<\/strong><\/p>\n<p>Online therapy in my practice will mainly be therapy via video Skype or Facetime and 24\/7, which is the written way. In online therapy, I use exactly the same therapeutic method as if you sat in the clinic. My experience is that video therapy works just as well as therapy in the clinic. In a few cases even better because it creates a very dense and undisturbed space.<\/p>\n<p>Advantages of Video therapy - Skype<\/p>\n<p>\u2022 You are more comfortable and open while they are at home<br \/>\n\u2022 Avoids worrying about others seeing them enter or leave a therapy office<br \/>\n\u2022 Good opportunity for disabled people<br \/>\n\u2022 People in addiction who want to receive treatment without their partner knowing<br \/>\n\u2022 The commute may be inconvenient or impossible<\/p>\n<p>For 24\/7 \u2013 the written form, email<\/p>\n<p>\u2022 Text or message-based therapy allows clients more time to structure their thoughts<br \/>\n\u2022 Need for therapy via the Internet, especially at the beginning, to provide greater anonymity<br \/>\n\u2022 More time to react and form better answers<\/p>\n<p>Easy and practical<\/p>\n<p>You can easily be anywhere in the world - as long as you have a reasonable internet connection and a computer with a webcam, a phone or iPad\/tablet. I usually use Skype, but there are also clients who prefer Facetime or other tools.<br \/>\nIf you get an urgent appointment, you can pay with Mobilpay, Visa card or PayPal, and we can start the session immediately. If you get an appointment with slightly longer notice, you can also make a bank transfer.<\/p>\n<p>\u2022 You can read more about how I work under the menu item &quot;how I work&quot;.<br \/>\n\u2022 You can read more about how other clients experience the therapy here. Smart or stupid to link to Gomentor where I have customer testimonials? Otherwise I use them from the old website.<br \/>\n\u2022 Online therapy with an appointment is between 6-9pm, Danish time.<br \/>\n\u2022 See prices here<\/p>\n<p>Security<\/p>\n<p>Skype and other video conferences are encrypted from computer to computer. This means that your employer, those you live with or your internet provider cannot intercept our conversation.<\/p>","protected":false},"excerpt":{"rendered":"<p>BILLEDE Online terapi Hvad er online terapi? Online terapi i min praksis vil hovedsalig v\u00e6re terapi via video Skype eller Facetime og 24\/7, der er den skriftlige m\u00e5de. I online terapi benytter jeg pr\u00e6cis samme terapeutiske metode, som hvis du sad i klinikken. Min erfaring er, at video terapi virker lige s\u00e5 godt som terapi [&hellip;]<\/p>","protected":false},"author":1,"featured_media":0,"parent":0,"menu_order":0,"comment_status":"closed","ping_status":"closed","template":"","meta":{"_monsterinsights_skip_tracking":false,"_monsterinsights_sitenote_active":false,"_monsterinsights_sitenote_note":"","_monsterinsights_sitenote_category":0,"footnotes":""},"class_list":["post-415","page","type-page","status-publish","hentry"],"yoast_head":"<!-- This site is optimized with the Yoast SEO plugin v26.8 - https:\/\/yoast.com\/product\/yoast-seo-wordpress\/ -->\n<title>Online terapi - K\u00e6rligheds coach og RelationsEkspert - Liv Johns<\/title>\n<meta name=\"robots\" content=\"noindex, follow, max-snippet:-1, max-image-preview:large, max-video-preview:-1\" \/>\n<meta property=\"og:locale\" content=\"en_GB\" \/>\n<meta property=\"og:type\" content=\"article\" \/>\n<meta property=\"og:title\" content=\"Online terapi - K\u00e6rligheds coach og RelationsEkspert - Liv Johns\" \/>\n<meta property=\"og:description\" content=\"BILLEDE Online terapi Hvad er online terapi? Online terapi i min praksis vil hovedsalig v\u00e6re terapi via video Skype eller Facetime og 24\/7, der er den skriftlige m\u00e5de. I online terapi benytter jeg pr\u00e6cis samme terapeutiske metode, som hvis du sad i klinikken. Min erfaring er, at video terapi virker lige s\u00e5 godt som terapi [&hellip;]\" \/>\n<meta property=\"og:url\" content=\"https:\/\/livsloveacademy.com\/en\/online-terapi\/\" \/>\n<meta property=\"og:site_name\" content=\"K\u00e6rligheds coach og RelationsEkspert - Liv Johns\" \/>\n<meta property=\"article:modified_time\" content=\"2019-10-28T13:07:57+00:00\" \/>\n<meta name=\"twitter:card\" content=\"summary_large_image\" \/>\n<meta name=\"twitter:label1\" content=\"Estimated reading time\" \/>\n\t<meta name=\"twitter:data1\" content=\"2 minutes\" \/>\n<script type=\"application\/ld+json\" class=\"yoast-schema-graph\">{\"@context\":\"https:\/\/schema.org\",\"@graph\":[{\"@type\":\"WebPage\",\"@id\":\"https:\/\/livsloveacademy.com\/online-terapi\/\",\"url\":\"https:\/\/livsloveacademy.com\/online-terapi\/\",\"name\":\"Online terapi - K\u00e6rligheds coach og RelationsEkspert - Liv Johns\",\"isPartOf\":{\"@id\":\"https:\/\/livsloveacademy.com\/#website\"},\"datePublished\":\"2017-08-31T08:08:29+00:00\",\"dateModified\":\"2019-10-28T13:07:57+00:00\",\"breadcrumb\":{\"@id\":\"https:\/\/livsloveacademy.com\/online-terapi\/#breadcrumb\"},\"inLanguage\":\"en-GB\",\"potentialAction\":[{\"@type\":\"ReadAction\",\"target\":[\"https:\/\/livsloveacademy.com\/online-terapi\/\"]}]},{\"@type\":\"BreadcrumbList\",\"@id\":\"https:\/\/livsloveacademy.com\/online-terapi\/#breadcrumb\",\"itemListElement\":[{\"@type\":\"ListItem\",\"position\":1,\"name\":\"Hjem\",\"item\":\"https:\/\/livsloveacademy.com\/psykoterapi\/\"},{\"@type\":\"ListItem\",\"position\":2,\"name\":\"Online terapi\"}]},{\"@type\":\"WebSite\",\"@id\":\"https:\/\/livsloveacademy.com\/#website\",\"url\":\"https:\/\/livsloveacademy.com\/\",\"name\":\"K\u00e6rligheds coach og RelationsEkspert - Liv Johns\",\"description\":\"Find k\u00e6rligheden for sidste gang. Fra personlig udvikling til lykkeligt forhold\",\"potentialAction\":[{\"@type\":\"SearchAction\",\"target\":{\"@type\":\"EntryPoint\",\"urlTemplate\":\"https:\/\/livsloveacademy.com\/?s={search_term_string}\"},\"query-input\":{\"@type\":\"PropertyValueSpecification\",\"valueRequired\":true,\"valueName\":\"search_term_string\"}}],\"inLanguage\":\"en-GB\"}]}<\/script>\n<!-- \/ Yoast SEO plugin. -->","yoast_head_json":{"title":"Online terapi - K\u00e6rligheds coach og RelationsEkspert - Liv Johns","robots":{"index":"noindex","follow":"follow","max-snippet":"max-snippet:-1","max-image-preview":"max-image-preview:large","max-video-preview":"max-video-preview:-1"},"og_locale":"en_GB","og_type":"article","og_title":"Online terapi - K\u00e6rligheds coach og RelationsEkspert - Liv Johns","og_description":"BILLEDE Online terapi Hvad er online terapi? Online terapi i min praksis vil hovedsalig v\u00e6re terapi via video Skype eller Facetime og 24\/7, der er den skriftlige m\u00e5de. I online terapi benytter jeg pr\u00e6cis samme terapeutiske metode, som hvis du sad i klinikken. Min erfaring er, at video terapi virker lige s\u00e5 godt som terapi [&hellip;]","og_url":"https:\/\/livsloveacademy.com\/en\/online-terapi\/","og_site_name":"K\u00e6rligheds coach og RelationsEkspert - Liv Johns","article_modified_time":"2019-10-28T13:07:57+00:00","twitter_card":"summary_large_image","twitter_misc":{"Estimated reading time":"2 minutes"},"schema":{"@context":"https:\/\/schema.org","@graph":[{"@type":"WebPage","@id":"https:\/\/livsloveacademy.com\/online-terapi\/","url":"https:\/\/livsloveacademy.com\/online-terapi\/","name":"Online terapi - K\u00e6rligheds coach og RelationsEkspert - Liv Johns","isPartOf":{"@id":"https:\/\/livsloveacademy.com\/#website"},"datePublished":"2017-08-31T08:08:29+00:00","dateModified":"2019-10-28T13:07:57+00:00","breadcrumb":{"@id":"https:\/\/livsloveacademy.com\/online-terapi\/#breadcrumb"},"inLanguage":"en-GB","potentialAction":[{"@type":"ReadAction","target":["https:\/\/livsloveacademy.com\/online-terapi\/"]}]},{"@type":"BreadcrumbList","@id":"https:\/\/livsloveacademy.com\/online-terapi\/#breadcrumb","itemListElement":[{"@type":"ListItem","position":1,"name":"Hjem","item":"https:\/\/livsloveacademy.com\/psykoterapi\/"},{"@type":"ListItem","position":2,"name":"Online terapi"}]},{"@type":"WebSite","@id":"https:\/\/livsloveacademy.com\/#website","url":"https:\/\/livsloveacademy.com\/","name":"K\u00e6rligheds coach og RelationsEkspert - Liv Johns","description":"Find k\u00e6rligheden for sidste gang. Fra personlig udvikling til lykkeligt forhold","potentialAction":[{"@type":"SearchAction","target":{"@type":"EntryPoint","urlTemplate":"https:\/\/livsloveacademy.com\/?s={search_term_string}"},"query-input":{"@type":"PropertyValueSpecification","valueRequired":true,"valueName":"search_term_string"}}],"inLanguage":"en-GB"}]}},"_links":{"self":[{"href":"https:\/\/livsloveacademy.com\/en\/wp-json\/wp\/v2\/pages\/415","targetHints":{"allow":["GET"]}}],"collection":[{"href":"https:\/\/livsloveacademy.com\/en\/wp-json\/wp\/v2\/pages"}],"about":[{"href":"https:\/\/livsloveacademy.com\/en\/wp-json\/wp\/v2\/types\/page"}],"author":[{"embeddable":true,"href":"https:\/\/livsloveacademy.com\/en\/wp-json\/wp\/v2\/users\/1"}],"replies":[{"embeddable":true,"href":"https:\/\/livsloveacademy.com\/en\/wp-json\/wp\/v2\/comments?post=415"}],"version-history":[{"count":0,"href":"https:\/\/livsloveacademy.com\/en\/wp-json\/wp\/v2\/pages\/415\/revisions"}],"wp:attachment":[{"href":"https:\/\/livsloveacademy.com\/en\/wp-json\/wp\/v2\/media?parent=415"}],"curies":[{"name":"wp","href":"https:\/\/api.w.org\/{rel}","templated":true}]}}