{"id":358,"date":"2017-08-17T08:29:04","date_gmt":"2017-08-17T08:29:04","guid":{"rendered":"http:\/\/livjohns.dk\/?page_id=358"},"modified":"2022-08-10T21:08:47","modified_gmt":"2022-08-10T19:08:47","slug":"priser","status":"publish","type":"page","link":"https:\/\/livsloveacademy.com\/en\/priser\/","title":{"rendered":"Priser"},"content":{"rendered":"<div id='av_section_1'  class='avia-section av-omosu-2104250cd1f96aa948275d87ff18c5cd main_color avia-section-default avia-no-border-styling  avia-builder-el-0  el_before_av_section  avia-builder-el-first  avia-bg-style-scroll container_wrap sidebar_right'  ><div class='container av-section-cont-open' ><main  role=\"main\" itemprop=\"mainContentOfPage\"  class='template-page content  av-content-small alpha units'><div class='post-entry post-entry-type-page post-entry-358'><div class='entry-content-wrapper clearfix'>\n\n<style type=\"text\/css\" data-created_by=\"avia_inline_auto\" id=\"style-css-av-8hlti-397079f9720d89e101b4e2ce3a77c75e\">\n.flex_column.av-8hlti-397079f9720d89e101b4e2ce3a77c75e{\nborder-radius:0px 0px 0px 0px;\npadding:0px 0px 0px 0px;\n}\n<\/style>\n<div  class='flex_column av-8hlti-397079f9720d89e101b4e2ce3a77c75e av_one_full  avia-builder-el-1  el_before_av_one_full  avia-builder-el-first  first flex_column_div av-zero-column-padding'     ><style type=\"text\/css\" data-created_by=\"avia_inline_auto\" id=\"style-css-av-k1hj0k1p-b439340eeb4684872782271965ab7c22\">\n#top .av_textblock_section.av-k1hj0k1p-b439340eeb4684872782271965ab7c22 .avia_textblock{\ncolor:#212121;\n}\n<\/style>\n<section  class='av_textblock_section av-k1hj0k1p-b439340eeb4684872782271965ab7c22'   itemscope=\"itemscope\" itemtype=\"https:\/\/schema.org\/CreativeWork\" ><div class='avia_textblock av_inherit_color'  itemprop=\"text\" ><h3 style=\"text-align: left; padding-left: 120px;\"><\/h3>\n<h3 style=\"text-align: left; padding-left: 120px;\">Priser. G\u00e6ldende for terapi og coaching:<\/h3>\n<ul>\n<li style=\"list-style-type: none;\">\n<ul>\n<li style=\"list-style-type: none;\">\n<ul>\n<li style=\"list-style-type: none;\">\n<ul style=\"text-align: left;\">\n<li>Fysisk fremm\u00f8de 1:1\u00a0 \u00a0 \u00a0975 kr. 50 minutter.<\/li>\n<li>Fysisk fremm\u00f8de 1:1\u00a0 \u00a0 \u00a01100 kr. 60 minutter.<\/li>\n<li>Parterapi\u00a0 \u00a0 \u00a0 \u00a0 \u00a0 \u00a0 \u00a0 \u00a0 \u00a0 \u00a0 \u00a0 1200 kr. 60 minutter. Anbefaler 1\u00bd time<\/li>\n<li>Online 1:1\u00a0 \u00a0 \u00a0 \u00a0 \u00a0 \u00a0 \u00a0 \u00a0 \u00a0 \u00a0 \u00a0 975 kr. 60 minutter.<\/li>\n<\/ul>\n<\/li>\n<\/ul>\n<\/li>\n<\/ul>\n<\/li>\n<\/ul>\n<ul>\n<li style=\"list-style-type: none;\">\n<ul>\n<li style=\"list-style-type: none;\">\n<ul>\n<li>VIP-dag: F\u00e5 en hel dag sammen med mig. Her kommer du i dybden, men p\u00e5 en behagelig m\u00e5de. Vekselvirkning mellem Terapi &#8211; mindfulness &#8211; walk &amp; talk &#8211; evt. spa ophold: Pris kl 8.00- 14.00: 7.000 kr. Undg\u00e5 ventetid, f\u00e5 en tid inden for 1 uge. Pris: 10.000 kr.<\/li>\n<li>Familie Dag: F\u00e5 effektiv hj\u00e6lp af familieterapeut uden ventetid. Jeg kommer ud til jer. Pris for 4 timer: 1000 kr pr. time pr medlem + transport.<\/li>\n<\/ul>\n<\/li>\n<\/ul>\n<\/li>\n<\/ul>\n<h3 style=\"text-align: left; padding-left: 120px;\">Tilbud:<\/h3>\n<ul>\n<li style=\"list-style-type: none;\">\n<ul>\n<li style=\"list-style-type: none;\">\n<ul>\n<li style=\"list-style-type: none;\">\n<ul style=\"text-align: left;\">\n<li>5 gange ved samlet betaling p\u00e5\u00a0 \u00a0 \u00a04750 kr. i alt &#8211;\u00a0 skal bruges indenfor \u00bd \u00e5r.<\/li>\n<li>10 gange ved samlet betaling p\u00e5\u00a0 9000 kr. i alt\u00a0 &#8211; skal bruges indenfor 10 m\u00e5neder.<\/li>\n<\/ul>\n<\/li>\n<\/ul>\n<\/li>\n<\/ul>\n<\/li>\n<\/ul>\n<\/div><\/section><\/div><div  class='flex_column av-p856e-1a25a59c1f87972a58a0c66f53247edc av_one_full  avia-builder-el-3  el_after_av_one_full  el_before_av_one_full  first flex_column_div  column-top-margin'     ><section  class='av_textblock_section av-l2omgm80-33d92ec79fbd5cd04f62e06632a36877'   itemscope=\"itemscope\" itemtype=\"https:\/\/schema.org\/CreativeWork\" ><div class='avia_textblock'  itemprop=\"text\" ><h2>Vi har alle forskellige behov.<\/h2>\n<p><strong>Derfor f\u00e5r du forskellige muligheder<\/strong><\/p>\n<p><strong>Har du tidligere f\u00e5et henvisning? <\/strong><\/p>\n<p>Mange der kommer til mig fort\u00e6ller, det er f\u00f8rste gang, de eksempelvis kommer helt ud af angst. De har f\u00e5et 2 henvisninger 24 timer, pris 353, 72 kr x 24 t. = 8.472 kr ialt for ikke-afsluttet forl\u00f8b.<\/p>\n<p><strong>Hos mig har de g\u00e5et 5 sessioner til 4750 kr for at komme helt ud af angst. Dette skyldes, at vi ikke kun snakker om angst (re-traumatiserer) , men ogs\u00e5 ser p\u00e5 nerve- systemets reaktion. Du sparer derfor b\u00e5de tid &amp; penge.\u00a0<\/strong><\/p>\n<p>Alle mine klienter oplever, de f\u00e5r hj\u00e6lp til lige pr\u00e6cis d\u00e9t, de har behov for. De er ofte hjulpet med et klippekort p\u00e5 5 sessioner. Klippekortet udl\u00f8ser forskellige rabatter, alt efter, hvor stor et kort du v\u00e6lger<\/p>\n<p><strong>Du har altid mulighed for at at f\u00e5 15 minutters telefonr\u00e5dgivning en gang gratis. Bare sms -evt. ring &#8211; 27 48 04 26.<\/strong><\/p>\n<p>Hvis du har brug for akut hj\u00e6lp, afs\u00e6tter jeg tid samme dag &#8211; se l\u00e6ngere nede. Mod ekstrabetaling.<\/p>\n<p><a href=\"http:\/\/livjohns.dk\/kontakt\"><img fetchpriority=\"high\" decoding=\"async\" class=\"aligncenter wp-image-1527\" src=\"http:\/\/livslovefitness.dk\/wp-content\/uploads\/2019\/10\/Psykoterapeut-Liv-Johns-Priser.jpg\" alt=\"Priser\" width=\"418\" height=\"204\" srcset=\"https:\/\/livsloveacademy.com\/wp-content\/uploads\/2019\/10\/Psykoterapeut-Liv-Johns-Priser.jpg 1920w, https:\/\/livsloveacademy.com\/wp-content\/uploads\/2019\/10\/Psykoterapeut-Liv-Johns-Priser-300x146.jpg 300w, https:\/\/livsloveacademy.com\/wp-content\/uploads\/2019\/10\/Psykoterapeut-Liv-Johns-Priser-768x375.jpg 768w, https:\/\/livsloveacademy.com\/wp-content\/uploads\/2019\/10\/Psykoterapeut-Liv-Johns-Priser-1030x503.jpg 1030w, https:\/\/livsloveacademy.com\/wp-content\/uploads\/2019\/10\/Psykoterapeut-Liv-Johns-Priser-1500x732.jpg 1500w, https:\/\/livsloveacademy.com\/wp-content\/uploads\/2019\/10\/Psykoterapeut-Liv-Johns-Priser-705x344.jpg 705w\" sizes=\"(max-width: 418px) 100vw, 418px\" \/><\/a><\/p>\n<\/div><\/section><\/div>\n<style type=\"text\/css\" data-created_by=\"avia_inline_auto\" id=\"style-css-av-b5e4e-d000f9306b3e2af343a6c8b358c2d6c0\">\n.flex_column.av-b5e4e-d000f9306b3e2af343a6c8b358c2d6c0{\nborder-radius:0px 0px 0px 0px;\npadding:0px 0px 0px 0px;\nbackground-color:#f24500;\n}\n<\/style>\n<div  class='flex_column av-b5e4e-d000f9306b3e2af343a6c8b358c2d6c0 av_one_full  avia-builder-el-5  el_after_av_one_full  el_before_av_one_full  first flex_column_div av-zero-column-padding  column-top-margin'     ><section  class='av_textblock_section av-k1hj0k1p-bca6b2b71e394984705e84e1e0822dd4'   itemscope=\"itemscope\" itemtype=\"https:\/\/schema.org\/CreativeWork\" ><div class='avia_textblock'  itemprop=\"text\" ><h3 style=\"text-align: center;\"><\/h3>\n<h2 style=\"text-align: center;\"><span style=\"color: #ffffff;\">Er jeg mine penge v\u00e6rd?<\/span><\/h2>\n<p style=\"text-align: center;\"><span style=\"color: #ffffff;\">Det vil jeg lade min klienter svare p\u00e5.<\/span><\/p>\n<p style=\"text-align: center;\"><span style=\"color: #ffffff;\"><a href=\"http:\/\/livslovefitness.dk\/referencer\/\"><img decoding=\"async\" class=\"aligncenter wp-image-3578 size-full\" src=\"http:\/\/livslovefitness.dk\/wp-content\/uploads\/2022\/05\/Effektiv-psyk-hjaelp-Liv-1-e1651494359919.png\" alt=\"\" width=\"159\" height=\"30\" \/><\/a><\/span><\/p>\n<\/div><\/section><\/div>\n<style type=\"text\/css\" data-created_by=\"avia_inline_auto\" id=\"style-css-av-kmizi-e37f5de973629a675d4e8918cc9ab61b\">\n.flex_column.av-kmizi-e37f5de973629a675d4e8918cc9ab61b{\nborder-radius:0px 0px 0px 0px;\npadding:0px 0px 0px 0px;\nbackground-color:#f24500;\n}\n<\/style>\n<div  class='flex_column av-kmizi-e37f5de973629a675d4e8918cc9ab61b av_one_full  avia-builder-el-7  el_after_av_one_full  el_before_av_one_full  first flex_column_div av-zero-column-padding  column-top-margin'     ><style type=\"text\/css\" data-created_by=\"avia_inline_auto\" id=\"style-css-av-6x4n2-7e97d27f5a75f97e9bda0efb2684938d\">\n#top .av_textblock_section.av-6x4n2-7e97d27f5a75f97e9bda0efb2684938d .avia_textblock{\ncolor:#ffffff;\n}\n<\/style>\n<section  class='av_textblock_section av-6x4n2-7e97d27f5a75f97e9bda0efb2684938d'   itemscope=\"itemscope\" itemtype=\"https:\/\/schema.org\/CreativeWork\" ><div class='avia_textblock av_inherit_color'  itemprop=\"text\" ><h3 style=\"text-align: center;\"><\/h3>\n<ul>\n<li style=\"list-style-type: none;\">\n<ul>\n<li style=\"list-style-type: none;\">\n<ul>\n<li style=\"list-style-type: none;\"><\/li>\n<\/ul>\n<\/li>\n<\/ul>\n<\/li>\n<\/ul>\n<h2 style=\"text-align: center;\">Priser ved de forskellige muligheder:<\/h2>\n<ul>\n<li style=\"list-style-type: none;\">\n<ul>\n<li>Personligt fremm\u00f8de<\/li>\n<li>Klippekort &#8211; ogs\u00e5 til Akuthj\u00e6lp samme dag<\/li>\n<li>Online terapi og coaching:\n<ul>\n<li style=\"list-style-type: none;\">\n<ul>\n<li>Video &#8211; krypteret<\/li>\n<li>Telefonisk<\/li>\n<li>E-mail r\u00e5dgivning<\/li>\n<\/ul>\n<\/li>\n<\/ul>\n<\/div><\/section><\/div>\n<style type=\"text\/css\" data-created_by=\"avia_inline_auto\" id=\"style-css-av-8luli-8b5518f386010f7af3de7711b4115a29\">\n.flex_column.av-8luli-8b5518f386010f7af3de7711b4115a29{\nborder-radius:0px 0px 0px 0px;\npadding:0px 0px 0px 0px;\n}\n<\/style>\n<div  class='flex_column av-8luli-8b5518f386010f7af3de7711b4115a29 av_one_full  avia-builder-el-9  el_after_av_one_full  avia-builder-el-last  first flex_column_div av-zero-column-padding  column-top-margin'     ><section  class='av_textblock_section av-l2sg2at8-305e701b69d085017468ada6237e7f07'   itemscope=\"itemscope\" itemtype=\"https:\/\/schema.org\/CreativeWork\" ><div class='avia_textblock'  itemprop=\"text\" ><h3 style=\"text-align: center;\"><\/h3>\n<h3 style=\"text-align: left;\">Akut hj\u00e6lp:<\/h3>\n<p style=\"text-align: left;\">Fysisk fremm\u00f8de: Du kan ringe og f\u00e5 en akut tid, inden for 1 d\u00f8gn. Akut takst oven i almindelig session: Dvs. 600 kr akut takst + 975 kr. sessionspris<\/p>\n<p style=\"text-align: left;\">Telefonisk hj\u00e6lp: Inden for 1 d\u00f8gn. Akut takst oven i almindelig session: Dvs. 600 kr akut takst + 975 kr. sessionspris<\/p>\n<hr \/>\n<h3>Ring og f\u00e5 hurtig hj\u00e6lp:<\/h3>\n<p style=\"text-align: center;\"><strong>&#8220;Klippekort til Akut hj\u00e6lp samme dag.&#8221;\u00a0<\/strong><\/p>\n<p>Har du brug for hj\u00e6lp straks, og er du i en udfordrende situation? F\u00e5 telefonisk r\u00e5dgivning eller coaching op til 5 gange (5 x 15 minutter) se <a href=\"http:\/\/livslovefitness.dk\/online-terapi-shoppen\/\" target=\"_blank\" rel=\"noopener\">pris<\/a><\/p>\n<p style=\"text-align: center;\"><strong>Det store og billigere:\u00a0 \u00a0&#8220;Klippekort til Akut hj\u00e6lp samme dag.&#8221;\u00a0<\/strong><\/p>\n<p>Telefonisk r\u00e5dgivning og hj\u00e6lp op til 15 gange (15 x 15 minutter). Kortet kan ogs\u00e5 bruges f\u00e6rre gange til l\u00e6ngere seancer. Den prim\u00e6re fordel er, at det er s\u00e5 fleksibelt, at du kan f\u00e5 hurtig hj\u00e6lp inden for et d\u00f8gn \u2013 hvis ikke samme dag.<\/p>\n<p>Min baggrund for dette er mange\u00e5rig erfaring med akut vagttelefon og krisebehandling.<\/p>\n<h3><\/h3>\n<hr \/>\n<h3>Mail r\u00e5dgivning:<\/h3>\n<p>N\u00e5r du har betalt 500 kr. \u2013 se betaling l\u00e6ngere nede \u2013 skriver du til <a href=\"mailto:johns@livstrivsel.com\">johns@livstrivsel.com<\/a>\u00a0med din historie \u2013 kan b\u00e5de v\u00e6re psykoterapi og coaching.<\/p>\n<p>Skriv, hvad du \u00f8nsker hj\u00e6lp til.<\/p>\n<p>Det kan v\u00e6re du har sp\u00f8rgsm\u00e5l, \u00f8nsker gode r\u00e5d om hvad du skal g\u00f8re i den aktuelle situation, eller min vurdering p\u00e5 en problemstilling.<\/p>\n<p>Mange bruger mailr\u00e5dgivning til at f\u00e5 struktur p\u00e5 indre kaos efter en kaotisk periode, skabe forandring, f\u00e5 mere fred i sj\u00e6len eller, som de derefter f\u00e5r bearbejdet.<\/p>\n<p>Mailr\u00e5dgivningen er selvf\u00f8lgelig anonym.<\/p>\n<h3><\/h3>\n<\/div><\/section><\/div><\/div><\/div><\/main><!-- close content main element --><\/div><\/div>\n<style type=\"text\/css\" data-created_by=\"avia_inline_auto\" id=\"style-css-av-l2sj71x0-94193e5ddc39af2994268209ddefedba\">\n.avia-section.av-l2sj71x0-94193e5ddc39af2994268209ddefedba{\nbackground-color:#545454;\nbackground-image:unset;\n}\n<\/style>\n<div id='av_section_2'  class='avia-section av-l2sj71x0-94193e5ddc39af2994268209ddefedba main_color avia-section-default avia-no-border-styling  avia-builder-el-11  el_after_av_section  avia-builder-el-last  avia-bg-style-scroll container_wrap sidebar_right'  ><div class='container av-section-cont-open' ><div class='template-page content  av-content-small alpha units'><div class='post-entry post-entry-type-page post-entry-358'><div class='entry-content-wrapper clearfix'>\n\n<style type=\"text\/css\" data-created_by=\"avia_inline_auto\" id=\"style-css-av-l2sj6oqp-598df6fef1980a6c245c79e001190e86\">\n#top .av_textblock_section.av-l2sj6oqp-598df6fef1980a6c245c79e001190e86 .avia_textblock{\ncolor:#ffffff;\n}\n<\/style>\n<section  class='av_textblock_section av-l2sj6oqp-598df6fef1980a6c245c79e001190e86'   itemscope=\"itemscope\" itemtype=\"https:\/\/schema.org\/CreativeWork\" ><div class='avia_textblock av_inherit_color'  itemprop=\"text\" ><h2>Betalingsformer:<\/h2>\n<p>Betaling foretages forinden \u2013 som n\u00e5r du bestiller en flybillet. Senest lige efter terapien.<\/p>\n<p>NetBank, senest dagen forinden: Nordea 5501 6275 387 116.<\/p>\n<p>Mobile Pay 30089<\/p>\n<p>PayPal: Liv Johns<\/p>\n<p>Evt.\u00a0<strong>afbud<\/strong>\u00a0skal gives 24 timer i forvejen ellers skal sessionen betales.<\/p>\n<\/div><\/section>\n<\/div><\/div><\/div><!-- close content main div --><\/div><\/div><div id='after_section_2'  class='main_color av_default_container_wrap container_wrap sidebar_right'  ><div class='container av-section-cont-open' ><div class='template-page content  av-content-small alpha units'><div class='post-entry post-entry-type-page post-entry-358'><div class='entry-content-wrapper clearfix'><\/li>\n<\/ul>\n<\/li>\n<\/ul>","protected":false},"excerpt":{"rendered":"","protected":false},"author":1,"featured_media":1527,"parent":0,"menu_order":0,"comment_status":"closed","ping_status":"closed","template":"","meta":{"_monsterinsights_skip_tracking":false,"_monsterinsights_sitenote_active":false,"_monsterinsights_sitenote_note":"","_monsterinsights_sitenote_category":0,"footnotes":""},"class_list":["post-358","page","type-page","status-publish","has-post-thumbnail","hentry"],"yoast_head":"<!-- This site is optimized with the Yoast SEO plugin v26.8 - https:\/\/yoast.com\/product\/yoast-seo-wordpress\/ -->\n<title>Priser - K\u00e6rligheds coach og RelationsEkspert - Liv Johns<\/title>\n<meta name=\"robots\" content=\"noindex, follow, max-snippet:-1, max-image-preview:large, max-video-preview:-1\" \/>\n<meta property=\"og:locale\" content=\"en_GB\" \/>\n<meta property=\"og:type\" content=\"article\" \/>\n<meta property=\"og:title\" content=\"Priser - K\u00e6rligheds coach og RelationsEkspert - Liv Johns\" \/>\n<meta property=\"og:url\" content=\"https:\/\/livsloveacademy.com\/en\/priser\/\" \/>\n<meta property=\"og:site_name\" content=\"K\u00e6rligheds coach og RelationsEkspert - Liv Johns\" \/>\n<meta property=\"article:modified_time\" content=\"2022-08-10T19:08:47+00:00\" \/>\n<meta property=\"og:image\" content=\"https:\/\/livsloveacademy.com\/wp-content\/uploads\/2019\/10\/Psykoterapeut-Liv-Johns-Priser.jpg\" \/>\n\t<meta property=\"og:image:width\" content=\"1920\" \/>\n\t<meta property=\"og:image:height\" content=\"937\" \/>\n\t<meta property=\"og:image:type\" content=\"image\/jpeg\" \/>\n<meta name=\"twitter:card\" content=\"summary_large_image\" \/>\n<meta name=\"twitter:label1\" content=\"Estimated reading time\" \/>\n\t<meta name=\"twitter:data1\" content=\"7 minutes\" \/>\n<script type=\"application\/ld+json\" class=\"yoast-schema-graph\">{\"@context\":\"https:\/\/schema.org\",\"@graph\":[{\"@type\":\"WebPage\",\"@id\":\"https:\/\/livsloveacademy.com\/priser\/\",\"url\":\"https:\/\/livsloveacademy.com\/priser\/\",\"name\":\"Priser - K\u00e6rligheds coach og RelationsEkspert - Liv Johns\",\"isPartOf\":{\"@id\":\"https:\/\/livsloveacademy.com\/#website\"},\"primaryImageOfPage\":{\"@id\":\"https:\/\/livsloveacademy.com\/priser\/#primaryimage\"},\"image\":{\"@id\":\"https:\/\/livsloveacademy.com\/priser\/#primaryimage\"},\"thumbnailUrl\":\"https:\/\/livsloveacademy.com\/wp-content\/uploads\/2019\/10\/Psykoterapeut-Liv-Johns-Priser.jpg\",\"datePublished\":\"2017-08-17T08:29:04+00:00\",\"dateModified\":\"2022-08-10T19:08:47+00:00\",\"breadcrumb\":{\"@id\":\"https:\/\/livsloveacademy.com\/priser\/#breadcrumb\"},\"inLanguage\":\"en-GB\",\"potentialAction\":[{\"@type\":\"ReadAction\",\"target\":[\"https:\/\/livsloveacademy.com\/priser\/\"]}]},{\"@type\":\"ImageObject\",\"inLanguage\":\"en-GB\",\"@id\":\"https:\/\/livsloveacademy.com\/priser\/#primaryimage\",\"url\":\"https:\/\/livsloveacademy.com\/wp-content\/uploads\/2019\/10\/Psykoterapeut-Liv-Johns-Priser.jpg\",\"contentUrl\":\"https:\/\/livsloveacademy.com\/wp-content\/uploads\/2019\/10\/Psykoterapeut-Liv-Johns-Priser.jpg\",\"width\":1920,\"height\":937,\"caption\":\"Priser\"},{\"@type\":\"BreadcrumbList\",\"@id\":\"https:\/\/livsloveacademy.com\/priser\/#breadcrumb\",\"itemListElement\":[{\"@type\":\"ListItem\",\"position\":1,\"name\":\"Hjem\",\"item\":\"https:\/\/livsloveacademy.com\/psykoterapi\/\"},{\"@type\":\"ListItem\",\"position\":2,\"name\":\"Priser\"}]},{\"@type\":\"WebSite\",\"@id\":\"https:\/\/livsloveacademy.com\/#website\",\"url\":\"https:\/\/livsloveacademy.com\/\",\"name\":\"K\u00e6rligheds coach og RelationsEkspert - Liv Johns\",\"description\":\"Find k\u00e6rligheden for sidste gang. Fra personlig udvikling til lykkeligt forhold\",\"potentialAction\":[{\"@type\":\"SearchAction\",\"target\":{\"@type\":\"EntryPoint\",\"urlTemplate\":\"https:\/\/livsloveacademy.com\/?s={search_term_string}\"},\"query-input\":{\"@type\":\"PropertyValueSpecification\",\"valueRequired\":true,\"valueName\":\"search_term_string\"}}],\"inLanguage\":\"en-GB\"}]}<\/script>\n<!-- \/ Yoast SEO plugin. -->","yoast_head_json":{"title":"Priser - K\u00e6rligheds coach og RelationsEkspert - Liv Johns","robots":{"index":"noindex","follow":"follow","max-snippet":"max-snippet:-1","max-image-preview":"max-image-preview:large","max-video-preview":"max-video-preview:-1"},"og_locale":"en_GB","og_type":"article","og_title":"Priser - K\u00e6rligheds coach og RelationsEkspert - Liv Johns","og_url":"https:\/\/livsloveacademy.com\/en\/priser\/","og_site_name":"K\u00e6rligheds coach og RelationsEkspert - Liv Johns","article_modified_time":"2022-08-10T19:08:47+00:00","og_image":[{"width":1920,"height":937,"url":"https:\/\/livsloveacademy.com\/wp-content\/uploads\/2019\/10\/Psykoterapeut-Liv-Johns-Priser.jpg","type":"image\/jpeg"}],"twitter_card":"summary_large_image","twitter_misc":{"Estimated reading time":"7 minutes"},"schema":{"@context":"https:\/\/schema.org","@graph":[{"@type":"WebPage","@id":"https:\/\/livsloveacademy.com\/priser\/","url":"https:\/\/livsloveacademy.com\/priser\/","name":"Priser - K\u00e6rligheds coach og RelationsEkspert - Liv Johns","isPartOf":{"@id":"https:\/\/livsloveacademy.com\/#website"},"primaryImageOfPage":{"@id":"https:\/\/livsloveacademy.com\/priser\/#primaryimage"},"image":{"@id":"https:\/\/livsloveacademy.com\/priser\/#primaryimage"},"thumbnailUrl":"https:\/\/livsloveacademy.com\/wp-content\/uploads\/2019\/10\/Psykoterapeut-Liv-Johns-Priser.jpg","datePublished":"2017-08-17T08:29:04+00:00","dateModified":"2022-08-10T19:08:47+00:00","breadcrumb":{"@id":"https:\/\/livsloveacademy.com\/priser\/#breadcrumb"},"inLanguage":"en-GB","potentialAction":[{"@type":"ReadAction","target":["https:\/\/livsloveacademy.com\/priser\/"]}]},{"@type":"ImageObject","inLanguage":"en-GB","@id":"https:\/\/livsloveacademy.com\/priser\/#primaryimage","url":"https:\/\/livsloveacademy.com\/wp-content\/uploads\/2019\/10\/Psykoterapeut-Liv-Johns-Priser.jpg","contentUrl":"https:\/\/livsloveacademy.com\/wp-content\/uploads\/2019\/10\/Psykoterapeut-Liv-Johns-Priser.jpg","width":1920,"height":937,"caption":"Priser"},{"@type":"BreadcrumbList","@id":"https:\/\/livsloveacademy.com\/priser\/#breadcrumb","itemListElement":[{"@type":"ListItem","position":1,"name":"Hjem","item":"https:\/\/livsloveacademy.com\/psykoterapi\/"},{"@type":"ListItem","position":2,"name":"Priser"}]},{"@type":"WebSite","@id":"https:\/\/livsloveacademy.com\/#website","url":"https:\/\/livsloveacademy.com\/","name":"K\u00e6rligheds coach og RelationsEkspert - Liv Johns","description":"Find k\u00e6rligheden for sidste gang. Fra personlig udvikling til lykkeligt forhold","potentialAction":[{"@type":"SearchAction","target":{"@type":"EntryPoint","urlTemplate":"https:\/\/livsloveacademy.com\/?s={search_term_string}"},"query-input":{"@type":"PropertyValueSpecification","valueRequired":true,"valueName":"search_term_string"}}],"inLanguage":"en-GB"}]}},"_links":{"self":[{"href":"https:\/\/livsloveacademy.com\/en\/wp-json\/wp\/v2\/pages\/358","targetHints":{"allow":["GET"]}}],"collection":[{"href":"https:\/\/livsloveacademy.com\/en\/wp-json\/wp\/v2\/pages"}],"about":[{"href":"https:\/\/livsloveacademy.com\/en\/wp-json\/wp\/v2\/types\/page"}],"author":[{"embeddable":true,"href":"https:\/\/livsloveacademy.com\/en\/wp-json\/wp\/v2\/users\/1"}],"replies":[{"embeddable":true,"href":"https:\/\/livsloveacademy.com\/en\/wp-json\/wp\/v2\/comments?post=358"}],"version-history":[{"count":11,"href":"https:\/\/livsloveacademy.com\/en\/wp-json\/wp\/v2\/pages\/358\/revisions"}],"predecessor-version":[{"id":3704,"href":"https:\/\/livsloveacademy.com\/en\/wp-json\/wp\/v2\/pages\/358\/revisions\/3704"}],"wp:featuredmedia":[{"embeddable":true,"href":"https:\/\/livsloveacademy.com\/en\/wp-json\/wp\/v2\/media\/1527"}],"wp:attachment":[{"href":"https:\/\/livsloveacademy.com\/en\/wp-json\/wp\/v2\/media?parent=358"}],"curies":[{"name":"wp","href":"https:\/\/api.w.org\/{rel}","templated":true}]}}