{"id":345,"date":"2017-08-17T07:53:52","date_gmt":"2017-08-17T07:53:52","guid":{"rendered":"http:\/\/livjohns.dk\/?page_id=345"},"modified":"2017-08-17T07:53:52","modified_gmt":"2017-08-17T07:53:52","slug":"tavshedspligt","status":"publish","type":"page","link":"https:\/\/livsloveacademy.com\/en\/tavshedspligt\/","title":{"rendered":"Tavshedspligt"},"content":{"rendered":"<p><strong>Tavshedspligt<\/strong><\/p>\n<p>Jeg har som psykoterapeut MPF, stresscoach og traumeterapeut, samt behandler tavshedspligt. Det betyder, at der er klart adskilte skotter mellem de mennesker, jeg er i kontakt med. Jeg videregiver ingen oplysninger af nogen art om nogen til hverken klienter eller andre.<br \/>\nDer er \u00e9n undtagelse, og det er hvis jeg finder ud af, at der foreg\u00e5r overgreb p\u00e5 b\u00f8rn. I det tilf\u00e6lde, vil f\u00f8rst s\u00f8rge for at fort\u00e6lle dig, at har jeg pligt til at g\u00e5 videre til myndighederne, s\u00e5 du p\u00e5 forh\u00e5nd er informeret.<\/p>\n<p><em>\u201dSundhedslovens bestemmelse om tavshedspligt, videregivelse og indhentning af helbredsoplysninger mv. skal v\u00e6re med til at sikre, at sundhedspersoner iagttager tavshed om de forhold, de erfarer i forbindelse med en patientkontakt.<br \/>\nTavshedspligten er en patientrettighed, som giver patienten krav p\u00e5 fortrolighed fra sundhedspersonens side og mulighed for at bestemme, om helbredsoplysninger m\u00e5 videregives.\u201d<\/em><br \/>\n<a href=\"http:\/\/sundhedsstyrelsen.dk\/da\/sundhed\/behandling-og-rettigheder\/patienters-retsstilling\/tavshedspligt\">www.sundhedsstyrelsen.dk\/da\/sundhed\/behandling-og-rettigheder\/patienters-retsstilling\/tavshedspligt<\/a><\/p>\n<p>Jeg har mange forskellige mennesker i behandling, blandt andre erhvervsfolk h\u00f8jt i hierarkiet, eller kendte i medierne. Dette fort\u00e6ller jeg naturligvis ikke nogen om.<\/p>\n<p>Jeg g\u00e5r selv l\u00f8bende i supervision, b\u00e5de hos en supervisor og i en supervisionsgruppe. Ingen af disse mennesker kender identiteten p\u00e5 mine klienter, og jeg anonymiserer opl\u00e6gget, s\u00e5 ingen er i stand til at g\u00e6tte, hvem jeg taler om.<\/p>\n<p>Tilliden og trov\u00e6rdighed, herunder til min tavshedspligt, er afg\u00f8rende for en udviklende og langsigtet forretning. Derfor tager jeg dette meget seri\u00f8st<\/p>\n<p>Folk kender mig som etisk, \u00e6rlig og trov\u00e6rdig \u2013 og at jeg overholder min tavshedspligt.<\/p>\n<p>Liv Johns, Psykoterapuet MPF<br \/>\nStresscoach og traumeterapeut<br \/>\nTelefon 27 48 04 26<\/p>","protected":false},"excerpt":{"rendered":"<p>Tavshedspligt Jeg har som psykoterapeut MPF, stresscoach og traumeterapeut, samt behandler tavshedspligt. Det betyder, at der er klart adskilte skotter mellem de mennesker, jeg er i kontakt med. Jeg videregiver ingen oplysninger af nogen art om nogen til hverken klienter eller andre. Der er \u00e9n undtagelse, og det er hvis jeg finder ud af, at [&hellip;]<\/p>","protected":false},"author":1,"featured_media":0,"parent":0,"menu_order":0,"comment_status":"closed","ping_status":"closed","template":"","meta":{"_monsterinsights_skip_tracking":false,"_monsterinsights_sitenote_active":false,"_monsterinsights_sitenote_note":"","_monsterinsights_sitenote_category":0,"footnotes":""},"class_list":["post-345","page","type-page","status-publish","hentry"],"yoast_head":"<!-- This site is optimized with the Yoast SEO plugin v26.8 - https:\/\/yoast.com\/product\/yoast-seo-wordpress\/ -->\n<title>Tavshedspligt - K\u00e6rligheds coach og RelationsEkspert - Liv Johns<\/title>\n<meta name=\"robots\" content=\"noindex, follow, max-snippet:-1, max-image-preview:large, max-video-preview:-1\" \/>\n<meta property=\"og:locale\" content=\"en_GB\" \/>\n<meta property=\"og:type\" content=\"article\" \/>\n<meta property=\"og:title\" content=\"Tavshedspligt - K\u00e6rligheds coach og RelationsEkspert - Liv Johns\" \/>\n<meta property=\"og:description\" content=\"Tavshedspligt Jeg har som psykoterapeut MPF, stresscoach og traumeterapeut, samt behandler tavshedspligt. Det betyder, at der er klart adskilte skotter mellem de mennesker, jeg er i kontakt med. Jeg videregiver ingen oplysninger af nogen art om nogen til hverken klienter eller andre. Der er \u00e9n undtagelse, og det er hvis jeg finder ud af, at [&hellip;]\" \/>\n<meta property=\"og:url\" content=\"https:\/\/livsloveacademy.com\/en\/tavshedspligt\/\" \/>\n<meta property=\"og:site_name\" content=\"K\u00e6rligheds coach og RelationsEkspert - Liv Johns\" \/>\n<meta name=\"twitter:card\" content=\"summary_large_image\" \/>\n<meta name=\"twitter:label1\" content=\"Estimated reading time\" \/>\n\t<meta name=\"twitter:data1\" content=\"1 minute\" \/>\n<script type=\"application\/ld+json\" class=\"yoast-schema-graph\">{\"@context\":\"https:\/\/schema.org\",\"@graph\":[{\"@type\":\"WebPage\",\"@id\":\"https:\/\/livsloveacademy.com\/tavshedspligt\/\",\"url\":\"https:\/\/livsloveacademy.com\/tavshedspligt\/\",\"name\":\"Tavshedspligt - K\u00e6rligheds coach og RelationsEkspert - Liv Johns\",\"isPartOf\":{\"@id\":\"https:\/\/livsloveacademy.com\/#website\"},\"datePublished\":\"2017-08-17T07:53:52+00:00\",\"breadcrumb\":{\"@id\":\"https:\/\/livsloveacademy.com\/tavshedspligt\/#breadcrumb\"},\"inLanguage\":\"en-GB\",\"potentialAction\":[{\"@type\":\"ReadAction\",\"target\":[\"https:\/\/livsloveacademy.com\/tavshedspligt\/\"]}]},{\"@type\":\"BreadcrumbList\",\"@id\":\"https:\/\/livsloveacademy.com\/tavshedspligt\/#breadcrumb\",\"itemListElement\":[{\"@type\":\"ListItem\",\"position\":1,\"name\":\"Hjem\",\"item\":\"https:\/\/livsloveacademy.com\/psykoterapi\/\"},{\"@type\":\"ListItem\",\"position\":2,\"name\":\"Tavshedspligt\"}]},{\"@type\":\"WebSite\",\"@id\":\"https:\/\/livsloveacademy.com\/#website\",\"url\":\"https:\/\/livsloveacademy.com\/\",\"name\":\"K\u00e6rligheds coach og RelationsEkspert - Liv Johns\",\"description\":\"Find k\u00e6rligheden for sidste gang. Fra personlig udvikling til lykkeligt forhold\",\"potentialAction\":[{\"@type\":\"SearchAction\",\"target\":{\"@type\":\"EntryPoint\",\"urlTemplate\":\"https:\/\/livsloveacademy.com\/?s={search_term_string}\"},\"query-input\":{\"@type\":\"PropertyValueSpecification\",\"valueRequired\":true,\"valueName\":\"search_term_string\"}}],\"inLanguage\":\"en-GB\"}]}<\/script>\n<!-- \/ Yoast SEO plugin. -->","yoast_head_json":{"title":"Tavshedspligt - K\u00e6rligheds coach og RelationsEkspert - Liv Johns","robots":{"index":"noindex","follow":"follow","max-snippet":"max-snippet:-1","max-image-preview":"max-image-preview:large","max-video-preview":"max-video-preview:-1"},"og_locale":"en_GB","og_type":"article","og_title":"Tavshedspligt - K\u00e6rligheds coach og RelationsEkspert - Liv Johns","og_description":"Tavshedspligt Jeg har som psykoterapeut MPF, stresscoach og traumeterapeut, samt behandler tavshedspligt. Det betyder, at der er klart adskilte skotter mellem de mennesker, jeg er i kontakt med. Jeg videregiver ingen oplysninger af nogen art om nogen til hverken klienter eller andre. Der er \u00e9n undtagelse, og det er hvis jeg finder ud af, at [&hellip;]","og_url":"https:\/\/livsloveacademy.com\/en\/tavshedspligt\/","og_site_name":"K\u00e6rligheds coach og RelationsEkspert - Liv Johns","twitter_card":"summary_large_image","twitter_misc":{"Estimated reading time":"1 minute"},"schema":{"@context":"https:\/\/schema.org","@graph":[{"@type":"WebPage","@id":"https:\/\/livsloveacademy.com\/tavshedspligt\/","url":"https:\/\/livsloveacademy.com\/tavshedspligt\/","name":"Tavshedspligt - K\u00e6rligheds coach og RelationsEkspert - Liv Johns","isPartOf":{"@id":"https:\/\/livsloveacademy.com\/#website"},"datePublished":"2017-08-17T07:53:52+00:00","breadcrumb":{"@id":"https:\/\/livsloveacademy.com\/tavshedspligt\/#breadcrumb"},"inLanguage":"en-GB","potentialAction":[{"@type":"ReadAction","target":["https:\/\/livsloveacademy.com\/tavshedspligt\/"]}]},{"@type":"BreadcrumbList","@id":"https:\/\/livsloveacademy.com\/tavshedspligt\/#breadcrumb","itemListElement":[{"@type":"ListItem","position":1,"name":"Hjem","item":"https:\/\/livsloveacademy.com\/psykoterapi\/"},{"@type":"ListItem","position":2,"name":"Tavshedspligt"}]},{"@type":"WebSite","@id":"https:\/\/livsloveacademy.com\/#website","url":"https:\/\/livsloveacademy.com\/","name":"K\u00e6rligheds coach og RelationsEkspert - Liv Johns","description":"Find k\u00e6rligheden for sidste gang. Fra personlig udvikling til lykkeligt forhold","potentialAction":[{"@type":"SearchAction","target":{"@type":"EntryPoint","urlTemplate":"https:\/\/livsloveacademy.com\/?s={search_term_string}"},"query-input":{"@type":"PropertyValueSpecification","valueRequired":true,"valueName":"search_term_string"}}],"inLanguage":"en-GB"}]}},"_links":{"self":[{"href":"https:\/\/livsloveacademy.com\/en\/wp-json\/wp\/v2\/pages\/345","targetHints":{"allow":["GET"]}}],"collection":[{"href":"https:\/\/livsloveacademy.com\/en\/wp-json\/wp\/v2\/pages"}],"about":[{"href":"https:\/\/livsloveacademy.com\/en\/wp-json\/wp\/v2\/types\/page"}],"author":[{"embeddable":true,"href":"https:\/\/livsloveacademy.com\/en\/wp-json\/wp\/v2\/users\/1"}],"replies":[{"embeddable":true,"href":"https:\/\/livsloveacademy.com\/en\/wp-json\/wp\/v2\/comments?post=345"}],"version-history":[{"count":0,"href":"https:\/\/livsloveacademy.com\/en\/wp-json\/wp\/v2\/pages\/345\/revisions"}],"wp:attachment":[{"href":"https:\/\/livsloveacademy.com\/en\/wp-json\/wp\/v2\/media?parent=345"}],"curies":[{"name":"wp","href":"https:\/\/api.w.org\/{rel}","templated":true}]}}