{"id":1324,"date":"2019-08-27T05:52:57","date_gmt":"2019-08-27T05:52:57","guid":{"rendered":"https:\/\/livjohns.dk\/?page_id=1324"},"modified":"2022-10-04T19:20:24","modified_gmt":"2022-10-04T17:20:24","slug":"referencer","status":"publish","type":"page","link":"https:\/\/livsloveacademy.com\/en\/referencer\/","title":{"rendered":"References"},"content":{"rendered":"<style type=\"text\/css\" data-created_by=\"avia_inline_auto\" id=\"style-css-av-3i9upo-5281f0fe9faf714db165d30b2aec8721\">\n#top .av-special-heading.av-3i9upo-5281f0fe9faf714db165d30b2aec8721{\npadding-bottom:10px;\n}\nbody .av-special-heading.av-3i9upo-5281f0fe9faf714db165d30b2aec8721 .av-special-heading-tag .heading-char{\nfont-size:25px;\n}\n.av-special-heading.av-3i9upo-5281f0fe9faf714db165d30b2aec8721 .av-subheading{\nfont-size:15px;\n}\n<\/style>\n<div  class='av-special-heading av-3i9upo-5281f0fe9faf714db165d30b2aec8721 av-special-heading-h1 blockquote modern-quote  avia-builder-el-0  el_before_av_one_full  avia-builder-el-first  av-linked-heading'><h1 class='av-special-heading-tag'  itemprop=\"headline\"  >References<\/h1><div class=\"special-heading-border\"><div class=\"special-heading-inner-border\"><\/div><\/div><\/div>\n\n<style type=\"text\/css\" data-created_by=\"avia_inline_auto\" id=\"style-css-av-7d44zg-4936c6776df433f06f4e19d2f4aa9f84\">\n.flex_column.av-7d44zg-4936c6776df433f06f4e19d2f4aa9f84{\nborder-radius:0px 0px 0px 0px;\npadding:0px 0px 0px 0px;\n}\n<\/style>\n<div  class='flex_column av-7d44zg-4936c6776df433f06f4e19d2f4aa9f84 av_one_full  avia-builder-el-1  el_after_av_heading  el_before_av_section  avia-builder-el-last  first flex_column_div av-zero-column-padding'     ><section  class='av_textblock_section av-6gcva4-bd967179c9006bb1c6540cd05cb0e494'   itemscope=\"itemscope\" itemtype=\"https:\/\/schema.org\/CreativeWork\" ><div class='avia_textblock'  itemprop=\"text\" ><h2><br class=\"avia-permanent-lb\" \/>Male 45 years<\/h2>\n<p>&quot;I started at liv because I needed a better balance between work and free time. My joy in life had been lost in success, niceness, and too many demands on myself and perfection. After 6 sessions I have found joy and more inner peace. It has become easier to maintain my needs and I have found my family again. It is a liberation to prioritize myself first. Only from there do I even create a better customer contact. Because I can find profits for them.<\/p>\n<p>I have gained several realizations. Especially how I can change the pattern I learned in my childhood about lack of boundaries. It has made it more natural to please myself before others. This also means that I am not so controlled by niceness.<\/p>\n<p style=\"font-weight: 400;\">Thank you for a good course.\u201d<\/p>\n<\/div><\/section><br \/>\n<section  class='av_textblock_section av-av_textblock-32af9c344aeda5838e62bcf702809feb'   itemscope=\"itemscope\" itemtype=\"https:\/\/schema.org\/CreativeWork\" ><div class='avia_textblock'  itemprop=\"text\" ><h2><br class=\"avia-permanent-lb\" \/>Female 52 years<\/h2>\n<p><em>&quot;<\/em>I lacked joy in life for several reasons. It was reinforced by unrequited love. Especially because I didn&#039;t understand why he broke up. At the same time, the dominant colleague filled so much that I couldn&#039;t leave the job when I had time off. So now I needed help to get upstairs<\/p>\n<p>After 5 sessions with Liv, I am relieved that the colleague is not a problem because I have learned to deal with her.<\/p>\n<p>I am especially relieved that I have let go of my boyfriend. This is because I know how to find more peace and I have even managed to meet him and still maintain contact with myself.<\/p>\n<p>As something completely new and exciting for me, it has been listening to and feeling the body. When I feel myself, I can more easily react to the world around me and thus recover faster.<\/p>\n<p>It has been really good to go to therapy and I have become happier. Liv is good at understanding me. In fact, I don&#039;t know what else I should have done.<\/p>\n<\/div><\/section><\/p><\/div><\/div><\/div><\/div><!-- close content main div --><\/div><\/div>\n<style type=\"text\/css\" data-created_by=\"avia_inline_auto\" id=\"style-css-av-jzteqx6o-e978d7c1edd6fd376a6eb976a3404c69\">\n.avia-section.av-jzteqx6o-e978d7c1edd6fd376a6eb976a3404c69{\nbackground-repeat:no-repeat;\nbackground-image:url(https:\/\/livsloveacademy.com\/wp-content\/uploads\/2019\/09\/Psykoterapeut-Referencer-Liv-Johns.jpg);\nbackground-position:50% 50%;\nbackground-attachment:scroll;\n}\n<\/style>\n<div id='av_section_1'  class='avia-section av-jzteqx6o-e978d7c1edd6fd376a6eb976a3404c69 main_color avia-section-default avia-no-border-styling  avia-builder-el-4  el_after_av_one_full  el_before_av_textblock  avia-full-stretch avia-bg-style-scroll av-minimum-height av-minimum-height-custom av-height-custom  container_wrap sidebar_right'  data-section-bg-repeat='stretch' data-av_minimum_height_px='226'><div class='container av-section-cont-open' style='height:226px'><div class='template-page content  av-content-small alpha units'><div class='post-entry post-entry-type-page post-entry-1324'><div class='entry-content-wrapper clearfix'><\/div><\/div><\/div><!-- close content main div --><\/div><\/div><div id='after_section_1'  class='main_color av_default_container_wrap container_wrap sidebar_right'  ><div class='container av-section-cont-open' ><div class='template-page content  av-content-small alpha units'><div class='post-entry post-entry-type-page post-entry-1324'><div class='entry-content-wrapper clearfix'><\/p>\n<section  class='av_textblock_section av-cq6sqs-f667e667cc48c8a0249160a21d2c76c7'   itemscope=\"itemscope\" itemtype=\"https:\/\/schema.org\/CreativeWork\" ><div class='avia_textblock'  itemprop=\"text\" ><h2><strong>Female 38 years<\/strong><\/h2>\n<p><em>Dear Liv, I am so grateful and happy for the cooperation and the help I have received in the process from you.<\/em><\/p>\n<p>\u201cI was tearful, sad and felt like a flat version of myself. Someone who met the need of others to &quot;just relax&quot;. I doubted my own worth because I let people in my life overstep my boundaries, both privately and at work. In fact, I thought it was ok to feel that way, but I was anxious, wary and drained of energy.<\/p>\n<p>Right up until one day when I heard someone ask when was the last time you did something important for yourself. It was a wake up call.<\/p>\n<p>After the therapy at Liv, the Pleaser Gene no longer overshadows whether I like myself or not. I don&#039;t let the world shape me. And I am aware of how important the limit statement is to me. Because I have started to feel what is happening inside me, I know when to stop before it goes wrong. I no longer have to be fantastically good at a lot.<\/p>\n<p>Presence! The presence with Liv in the therapeutic room, and the presence I got again with myself when Liv helped me to be able to feel. That presence is what started to sprout in the therapy and which has made a world of difference to the mood and the shoulders (which are down again). Because now I can feel myself, completely authentic, both when it&#039;s nice and when it&#039;s difficult, this means that my own benchmark for e.g. my limits is intact again. The therapeutic space with Liv has peace, safety and nourishment. And the simple illustrations she has drawn have had a good impact. It has been a great experience that she has encouraged me not to always have eye contact, so that I could relate to myself and not another person.<\/p>\n<p>I have always felt greeted by Liv! And has been taken seriously. This has meant that I was allowed to put some things into words, without necessarily having to go back to my childhood. That I could talk about right now. About what is important today has given me the experience of being guided to what is important.<\/p>\n<p>It was great that things were rounded off each time and that I got to tie a knot each time. Instead of brooding over it. I have become better at taking care of myself. Even my friends notice the change, one friend recently said: \u201cYou look so lovely and calm!\u201d<\/p>\n<\/div><\/section>\n<\/div><\/div><\/div><!-- close content main div --><\/div><\/div>\n<style type=\"text\/css\" data-created_by=\"avia_inline_auto\" id=\"style-css-av-jzteqx6o-e978d7c1edd6fd376a6eb976a3404c69\">\n.avia-section.av-jzteqx6o-e978d7c1edd6fd376a6eb976a3404c69{\nbackground-repeat:no-repeat;\nbackground-image:url(https:\/\/livsloveacademy.com\/wp-content\/uploads\/2019\/09\/Psykoterapeut-Referencer-Liv-Johns.jpg);\nbackground-position:50% 50%;\nbackground-attachment:scroll;\n}\n<\/style>\n<div id='av_section_2'  class='avia-section av-jzteqx6o-e978d7c1edd6fd376a6eb976a3404c69 main_color avia-section-default avia-no-border-styling  avia-builder-el-6  el_after_av_textblock  el_before_av_textblock  avia-full-stretch avia-bg-style-scroll av-minimum-height av-minimum-height-custom av-height-custom  container_wrap sidebar_right'  data-section-bg-repeat='stretch' data-av_minimum_height_px='226'><div class='container av-section-cont-open' style='height:226px'><div class='template-page content  av-content-small alpha units'><div class='post-entry post-entry-type-page post-entry-1324'><div class='entry-content-wrapper clearfix'><\/div><\/div><\/div><!-- close content main div --><\/div><\/div><div id='after_section_2'  class='main_color av_default_container_wrap container_wrap sidebar_right'  ><div class='container av-section-cont-open' ><div class='template-page content  av-content-small alpha units'><div class='post-entry post-entry-type-page post-entry-1324'><div class='entry-content-wrapper clearfix'>\n<section  class='av_textblock_section av-cq6sqs-f667e667cc48c8a0249160a21d2c76c7'   itemscope=\"itemscope\" itemtype=\"https:\/\/schema.org\/CreativeWork\" ><div class='avia_textblock'  itemprop=\"text\" ><h2><strong>Female 24 years<\/strong><\/h2>\n<p>After 5 sessions\u2026<\/p>\n<p style=\"font-weight: 400;\">&quot;When I started with you I had a feeling that I was drowning. Drowned in my grief and my emotions that I couldn&#039;t control. I often felt like I was suffocating when the emotions took over.<\/p>\n<p>Through the conversations with you, I now feel that I have been given the tools to be able to tread water and eventually be able to swim myself. I use feeling my feet a lot when I feel the emotions running away. When I keep my focus and thoughts on it, as well as holding my chest, I can usually avoid getting out where I feel like I&#039;m drowning and can&#039;t breathe.<\/p>\n<p>In my relationship with you, I have felt heard and also challenged. But no more than that I have always felt safe.<\/p>\n<p>Thanks for the help.\u201d<\/p>\n<\/div><\/section>\n<\/div><\/div><\/div><!-- close content main div --><\/div><\/div>\n<style type=\"text\/css\" data-created_by=\"avia_inline_auto\" id=\"style-css-av-4wx758-4b74b7028f6cef6c530307bf0f0e6d01\">\n.avia-section.av-4wx758-4b74b7028f6cef6c530307bf0f0e6d01{\nbackground-repeat:no-repeat;\nbackground-image:url(https:\/\/livsloveacademy.com\/wp-content\/uploads\/2019\/09\/Psykoterapeut-Referencer-Liv-Johns.jpg);\nbackground-position:50% 50%;\nbackground-attachment:scroll;\n}\n<\/style>\n<div id='av_section_3'  class='avia-section av-4wx758-4b74b7028f6cef6c530307bf0f0e6d01 main_color avia-section-default avia-no-border-styling  avia-builder-el-8  el_after_av_textblock  el_before_av_textblock  avia-full-stretch avia-bg-style-scroll av-minimum-height av-minimum-height-custom av-height-custom  container_wrap sidebar_right'  data-section-bg-repeat='stretch' data-av_minimum_height_px='226'><div class='container av-section-cont-open' style='height:226px'><div class='template-page content  av-content-small alpha units'><div class='post-entry post-entry-type-page post-entry-1324'><div class='entry-content-wrapper clearfix'><\/div><\/div><\/div><!-- close content main div --><\/div><\/div><div id='after_section_3'  class='main_color av_default_container_wrap container_wrap sidebar_right'  ><div class='container av-section-cont-open' ><div class='template-page content  av-content-small alpha units'><div class='post-entry post-entry-type-page post-entry-1324'><div class='entry-content-wrapper clearfix'>\n<section  class='av_textblock_section av-cq6sqs-f667e667cc48c8a0249160a21d2c76c7'   itemscope=\"itemscope\" itemtype=\"https:\/\/schema.org\/CreativeWork\" ><div class='avia_textblock'  itemprop=\"text\" ><h2><strong>Woman 72 years old<\/strong><\/h2>\n<p>Completed after 5 sessions\u2026<\/p>\n<p><em>Thanks again for the conversations; nice to know that I can get help from you if I need it.<\/em><\/p>\n<p>&quot;I was so angry with my husband when I started at Liv. At the same time, I was excited to see if I could get help. For several years, talking to my husband about it had not helped. He got annoyed and felt wronged and we didn&#039;t get on.<\/p>\n<p>In therapy I found myself talking to him like a mother to a child and suddenly understood his reaction.<\/p>\n<p>Now I express my needs instead, and the miracle has happened. He has changed in record time. Also in areas where he did not show consideration before.<\/p>\n<p>We now communicate like adults. It gives me joy and energy that we talk better and more together. I have learned to open my mouth and now I know and believe that I deserve to feel good<\/p>\n<p>The collaboration with Liv has been easy and full of trust from the first time. That meant I wanted to open up.\u201d<\/p>\n<\/div><\/section>\n<\/div><\/div><\/div><!-- close content main div --><\/div><\/div>\n<style type=\"text\/css\" data-created_by=\"avia_inline_auto\" id=\"style-css-av-89ybw-fffe7e370742862efbef80663ff64d95\">\n.avia-section.av-89ybw-fffe7e370742862efbef80663ff64d95{\nbackground-repeat:no-repeat;\nbackground-image:url(https:\/\/livsloveacademy.com\/wp-content\/uploads\/2019\/09\/Psykoterapeut-Referencer-Liv-Johns.jpg);\nbackground-position:50% 50%;\nbackground-attachment:scroll;\n}\n<\/style>\n<div id='av_section_4'  class='avia-section av-89ybw-fffe7e370742862efbef80663ff64d95 main_color avia-section-default avia-no-border-styling  avia-builder-el-10  el_after_av_textblock  el_before_av_section  avia-full-stretch avia-bg-style-scroll av-minimum-height av-minimum-height-custom av-height-custom  container_wrap sidebar_right'  data-section-bg-repeat='stretch' data-av_minimum_height_px='226'><div class='container av-section-cont-open' style='height:226px'><div class='template-page content  av-content-small alpha units'><div class='post-entry post-entry-type-page post-entry-1324'><div class='entry-content-wrapper clearfix'>\n<\/div><\/div><\/div><!-- close content main div --><\/div><\/div><div id='av_section_5'  class='avia-section av-fe6ilw-2e5bed4b0516a0d0251184259f2fdbfb main_color avia-section-default avia-no-border-styling  avia-builder-el-11  el_after_av_section  avia-builder-el-last  avia-bg-style-scroll container_wrap sidebar_right'  ><div class='container av-section-cont-open' ><div class='template-page content  av-content-small alpha units'><div class='post-entry post-entry-type-page post-entry-1324'><div class='entry-content-wrapper clearfix'>\n\n<style type=\"text\/css\" data-created_by=\"avia_inline_auto\" id=\"style-css-av-e15984-333bf28d4158e9818e4adffcdc9a661d\">\n.flex_column.av-e15984-333bf28d4158e9818e4adffcdc9a661d{\nborder-radius:0px 0px 0px 0px;\npadding:0px 0px 0px 0px;\n}\n<\/style>\n<div  class='flex_column av-e15984-333bf28d4158e9818e4adffcdc9a661d av_one_full  avia-builder-el-12  avia-builder-el-no-sibling  first flex_column_div av-zero-column-padding'     ><section  class='av_textblock_section av-cq6sqs-df13d894b05e88e05bea10d0b6df8f84'   itemscope=\"itemscope\" itemtype=\"https:\/\/schema.org\/CreativeWork\" ><div class='avia_textblock'  itemprop=\"text\" ><h2><strong>Male 31 years:<\/strong><\/h2>\n<p>Anxiety was about to knock me over several times when I started at Liv. A crush that was difficult because I didn&#039;t know where I stood and whether she wanted to be with me or not. This meant that I had a lack of self-esteem activated.<br \/>\nAt that time I needed more confidence, more calmness and to get the nervous system balanced.<\/p>\n<p>I am very satisfied with the process at Liv. Now I focus on good dreams and plans for the future.<br \/>\nThere are several things that have made me calmer. Especially the fact that I have become more aware of myself. Before, I could have panic attacks without knowing why. Now that I have gotten to know myself better, and can see how my history has guided me, it has been helpful and important that I have gotten to know myself.<br \/>\nI feel good and still have high goals. The difference is that I now manage it so that I don&#039;t initiate too many projects at once and become stressed or overwhelmed.<br \/>\nNow I&#039;m ready for a boyfriend because I&#039;ve learned how important it is that I still take care of myself.<\/p>\n<\/div><\/section><\/div>\n<\/div><\/div><\/div><!-- close content main div --><\/div><\/div><div id='after_section_5'  class='main_color av_default_container_wrap container_wrap sidebar_right'  ><div class='container av-section-cont-open' ><div class='template-page content  av-content-small alpha units'><div class='post-entry post-entry-type-page post-entry-1324'><div class='entry-content-wrapper clearfix'>","protected":false},"excerpt":{"rendered":"","protected":false},"author":1,"featured_media":0,"parent":0,"menu_order":0,"comment_status":"closed","ping_status":"closed","template":"","meta":{"_monsterinsights_skip_tracking":false,"_monsterinsights_sitenote_active":false,"_monsterinsights_sitenote_note":"","_monsterinsights_sitenote_category":0,"footnotes":""},"class_list":["post-1324","page","type-page","status-publish","hentry"],"yoast_head":"<!-- This site is optimized with the Yoast SEO plugin v26.8 - https:\/\/yoast.com\/product\/yoast-seo-wordpress\/ -->\n<title>Referencer - K\u00e6rligheds coach og RelationsEkspert - Liv Johns<\/title>\n<meta name=\"description\" content=\"&quot;Nu er jeg klar til en k\u00e6reste, fordi jeg har l\u00e6rt, hvor vigtigt det er, at jeg stadig passer p\u00e5 mig selv.\" \/>\n<meta name=\"robots\" content=\"noindex, follow, max-snippet:-1, max-image-preview:large, max-video-preview:-1\" \/>\n<meta property=\"og:locale\" content=\"en_GB\" \/>\n<meta property=\"og:type\" content=\"article\" \/>\n<meta property=\"og:title\" content=\"Referencer - K\u00e6rligheds coach og RelationsEkspert - Liv Johns\" \/>\n<meta property=\"og:description\" content=\"&quot;Nu er jeg klar til en k\u00e6reste, fordi jeg har l\u00e6rt, hvor vigtigt det er, at jeg stadig passer p\u00e5 mig selv.\" \/>\n<meta property=\"og:url\" content=\"https:\/\/livsloveacademy.com\/en\/referencer\/\" \/>\n<meta property=\"og:site_name\" content=\"K\u00e6rligheds coach og RelationsEkspert - Liv Johns\" \/>\n<meta property=\"article:modified_time\" content=\"2022-10-04T17:20:24+00:00\" \/>\n<meta name=\"twitter:card\" content=\"summary_large_image\" \/>\n<meta name=\"twitter:label1\" content=\"Estimated reading time\" \/>\n\t<meta name=\"twitter:data1\" content=\"9 minutes\" \/>\n<script type=\"application\/ld+json\" class=\"yoast-schema-graph\">{\"@context\":\"https:\/\/schema.org\",\"@graph\":[{\"@type\":\"WebPage\",\"@id\":\"https:\/\/livsloveacademy.com\/referencer\/\",\"url\":\"https:\/\/livsloveacademy.com\/referencer\/\",\"name\":\"Referencer - K\u00e6rligheds coach og RelationsEkspert - Liv Johns\",\"isPartOf\":{\"@id\":\"https:\/\/livsloveacademy.com\/#website\"},\"datePublished\":\"2019-08-27T05:52:57+00:00\",\"dateModified\":\"2022-10-04T17:20:24+00:00\",\"description\":\"\\\"Nu er jeg klar til en k\u00e6reste, fordi jeg har l\u00e6rt, hvor vigtigt det er, at jeg stadig passer p\u00e5 mig selv.\",\"breadcrumb\":{\"@id\":\"https:\/\/livsloveacademy.com\/referencer\/#breadcrumb\"},\"inLanguage\":\"en-GB\",\"potentialAction\":[{\"@type\":\"ReadAction\",\"target\":[\"https:\/\/livsloveacademy.com\/referencer\/\"]}]},{\"@type\":\"BreadcrumbList\",\"@id\":\"https:\/\/livsloveacademy.com\/referencer\/#breadcrumb\",\"itemListElement\":[{\"@type\":\"ListItem\",\"position\":1,\"name\":\"Hjem\",\"item\":\"https:\/\/livsloveacademy.com\/psykoterapi\/\"},{\"@type\":\"ListItem\",\"position\":2,\"name\":\"Referencer\"}]},{\"@type\":\"WebSite\",\"@id\":\"https:\/\/livsloveacademy.com\/#website\",\"url\":\"https:\/\/livsloveacademy.com\/\",\"name\":\"K\u00e6rligheds coach og RelationsEkspert - Liv Johns\",\"description\":\"Find k\u00e6rligheden for sidste gang. Fra personlig udvikling til lykkeligt forhold\",\"potentialAction\":[{\"@type\":\"SearchAction\",\"target\":{\"@type\":\"EntryPoint\",\"urlTemplate\":\"https:\/\/livsloveacademy.com\/?s={search_term_string}\"},\"query-input\":{\"@type\":\"PropertyValueSpecification\",\"valueRequired\":true,\"valueName\":\"search_term_string\"}}],\"inLanguage\":\"en-GB\"}]}<\/script>\n<!-- \/ Yoast SEO plugin. -->","yoast_head_json":{"title":"Referencer - K\u00e6rligheds coach og RelationsEkspert - Liv Johns","description":"\"Nu er jeg klar til en k\u00e6reste, fordi jeg har l\u00e6rt, hvor vigtigt det er, at jeg stadig passer p\u00e5 mig selv.","robots":{"index":"noindex","follow":"follow","max-snippet":"max-snippet:-1","max-image-preview":"max-image-preview:large","max-video-preview":"max-video-preview:-1"},"og_locale":"en_GB","og_type":"article","og_title":"Referencer - K\u00e6rligheds coach og RelationsEkspert - Liv Johns","og_description":"\"Nu er jeg klar til en k\u00e6reste, fordi jeg har l\u00e6rt, hvor vigtigt det er, at jeg stadig passer p\u00e5 mig selv.","og_url":"https:\/\/livsloveacademy.com\/en\/referencer\/","og_site_name":"K\u00e6rligheds coach og RelationsEkspert - Liv Johns","article_modified_time":"2022-10-04T17:20:24+00:00","twitter_card":"summary_large_image","twitter_misc":{"Estimated reading time":"9 minutes"},"schema":{"@context":"https:\/\/schema.org","@graph":[{"@type":"WebPage","@id":"https:\/\/livsloveacademy.com\/referencer\/","url":"https:\/\/livsloveacademy.com\/referencer\/","name":"Referencer - K\u00e6rligheds coach og RelationsEkspert - Liv Johns","isPartOf":{"@id":"https:\/\/livsloveacademy.com\/#website"},"datePublished":"2019-08-27T05:52:57+00:00","dateModified":"2022-10-04T17:20:24+00:00","description":"\"Nu er jeg klar til en k\u00e6reste, fordi jeg har l\u00e6rt, hvor vigtigt det er, at jeg stadig passer p\u00e5 mig selv.","breadcrumb":{"@id":"https:\/\/livsloveacademy.com\/referencer\/#breadcrumb"},"inLanguage":"en-GB","potentialAction":[{"@type":"ReadAction","target":["https:\/\/livsloveacademy.com\/referencer\/"]}]},{"@type":"BreadcrumbList","@id":"https:\/\/livsloveacademy.com\/referencer\/#breadcrumb","itemListElement":[{"@type":"ListItem","position":1,"name":"Hjem","item":"https:\/\/livsloveacademy.com\/psykoterapi\/"},{"@type":"ListItem","position":2,"name":"Referencer"}]},{"@type":"WebSite","@id":"https:\/\/livsloveacademy.com\/#website","url":"https:\/\/livsloveacademy.com\/","name":"K\u00e6rligheds coach og RelationsEkspert - Liv Johns","description":"Find k\u00e6rligheden for sidste gang. Fra personlig udvikling til lykkeligt forhold","potentialAction":[{"@type":"SearchAction","target":{"@type":"EntryPoint","urlTemplate":"https:\/\/livsloveacademy.com\/?s={search_term_string}"},"query-input":{"@type":"PropertyValueSpecification","valueRequired":true,"valueName":"search_term_string"}}],"inLanguage":"en-GB"}]}},"_links":{"self":[{"href":"https:\/\/livsloveacademy.com\/en\/wp-json\/wp\/v2\/pages\/1324","targetHints":{"allow":["GET"]}}],"collection":[{"href":"https:\/\/livsloveacademy.com\/en\/wp-json\/wp\/v2\/pages"}],"about":[{"href":"https:\/\/livsloveacademy.com\/en\/wp-json\/wp\/v2\/types\/page"}],"author":[{"embeddable":true,"href":"https:\/\/livsloveacademy.com\/en\/wp-json\/wp\/v2\/users\/1"}],"replies":[{"embeddable":true,"href":"https:\/\/livsloveacademy.com\/en\/wp-json\/wp\/v2\/comments?post=1324"}],"version-history":[{"count":19,"href":"https:\/\/livsloveacademy.com\/en\/wp-json\/wp\/v2\/pages\/1324\/revisions"}],"predecessor-version":[{"id":4287,"href":"https:\/\/livsloveacademy.com\/en\/wp-json\/wp\/v2\/pages\/1324\/revisions\/4287"}],"wp:attachment":[{"href":"https:\/\/livsloveacademy.com\/en\/wp-json\/wp\/v2\/media?parent=1324"}],"curies":[{"name":"wp","href":"https:\/\/api.w.org\/{rel}","templated":true}]}}